{"id":3520,"date":"2022-11-27T22:06:55","date_gmt":"2022-11-27T21:06:55","guid":{"rendered":"https:\/\/levieilhome.fr\/?page_id=3520"},"modified":"2022-11-28T14:11:22","modified_gmt":"2022-11-28T13:11:22","slug":"mentions-legales","status":"publish","type":"page","link":"https:\/\/levieilhome.fr\/index.php\/mentions-legales\/","title":{"rendered":"Mentions l\u00e9gales"},"content":{"rendered":"<div data-colibri-id=\"3520-c1\" class=\"style-796 style-local-3520-c1 position-relative\">\n  <!---->\n  <div data-colibri-component=\"section\" data-colibri-id=\"3520-c2\" id=\"blank\" class=\"h-section h-section-global-spacing d-flex align-items-lg-center align-items-md-center align-items-center style-797 style-local-3520-c2 position-relative\">\n    <!---->\n    <!---->\n    <div class=\"h-section-grid-container h-section-boxed-container\">\n      <!---->\n      <div data-colibri-id=\"3520-c3\" class=\"h-row-container gutters-row-lg-2 gutters-row-md-2 gutters-row-0 gutters-row-v-lg-2 gutters-row-v-md-2 gutters-row-v-2 style-798 style-local-3520-c3 position-relative\">\n        <!---->\n        <div class=\"h-row justify-content-lg-center justify-content-md-center justify-content-center align-items-lg-stretch align-items-md-stretch align-items-stretch gutters-col-lg-2 gutters-col-md-2 gutters-col-0 gutters-col-v-lg-2 gutters-col-v-md-2 gutters-col-v-2\">\n          <!---->\n          <div class=\"h-column h-column-container d-flex h-col-lg-12 h-col-md-12 h-col-12 style-799-outer style-local-3520-c4-outer\">\n            <div data-colibri-id=\"3520-c4\" class=\"d-flex h-flex-basis h-column__inner h-px-lg-2 h-px-md-2 h-px-2 v-inner-lg-2 v-inner-md-2 v-inner-2 style-799 style-local-3520-c4 position-relative\">\n              <!---->\n              <!---->\n              <div class=\"w-100 h-y-container h-column__content h-column__v-align flex-basis-100 align-self-lg-start align-self-md-start align-self-start\">\n                <!---->\n                <div data-colibri-id=\"3520-c10\" class=\"h-text h-text-component style-805 style-local-3520-c10 position-relative h-element\">\n                  <!---->\n                  <!---->\n                  <div class=\"\">\n                    <p><strong style=\"font-size: 32px; font-weight: 700; color: rgb(77, 73, 75);\">Mentions l\u00e9gales&nbsp;<\/strong><em style=\"font-size: 16px; font-weight: 400; color: rgb(77, 73, 75); font-family: &quot;Open Sans&quot;;\">(Date de r\u00e9vision : 27 novembre 2022)<\/em><\/p>\n                    <p><strong style=\"font-family: &quot;Open Sans&quot;; font-size: 16px; font-weight: 700; color: rgb(77, 73, 75);\">1. Editeur<\/strong><\/p>\n                    <p><span style=\"font-family: &quot;Open Sans&quot;; font-size: 18px; font-weight: 400; color: rgb(77, 73, 75);\">Patrick BEQUET<\/span><span style=\"color: rgb(77, 73, 75);\"><br><\/span><span style=\"color: rgb(77, 73, 75); font-weight: 400; font-size: 18px; font-family: &quot;Open Sans&quot;;\">Le Vieil Home<\/span>\n                      <span\n                        style=\"font-family: &quot;Open Sans&quot;; color: rgb(77, 73, 75);\">\n                        <br>\n                        <\/span><span style=\"font-family: &quot;Open Sans&quot;; color: rgb(77, 73, 75); font-weight: 400; font-size: 18px;\">61700 Domfront en Poiraie<\/span><\/p>\n                    <p><span style=\"font-family: &quot;Open Sans&quot;; color: rgb(77, 73, 75); font-weight: 400; font-size: 18px;\">Directrice de publication : Virginie BEQUET, Propri\u00e9taire<\/span><\/p>\n                    <p><strong style=\"font-weight: 700; font-size: 16px; font-family: &quot;Open Sans&quot;; color: rgb(77, 73, 75);\">2. H\u00e9bergement<\/strong><\/p>\n                    <p><span style=\"color: rgb(77, 73, 75); font-weight: 400; font-size: 18px; font-family: &quot;Open Sans&quot;;\">OVH<\/span><span style=\"color: rgb(77, 73, 75);\"><br><\/span><span style=\"color: rgb(77, 73, 75); font-family: &quot;Open Sans&quot;; font-size: 18px; font-weight: 400;\">140 quai du Sartel<\/span>\n                      <span\n                        style=\"color: rgb(77, 73, 75); font-family: &quot;Open Sans&quot;;\">\n                        <br>\n                        <\/span><span style=\"color: rgb(77, 73, 75); font-family: &quot;Open Sans&quot;; font-size: 18px; font-weight: 400;\">59100 ROUBAIX<\/span><\/p>\n                    <p><span style=\"color: rgb(77, 73, 75); font-weight: 400; font-size: 16px; font-family: &quot;Open Sans&quot;;\">mail : support@ovh.com \/\/ site :&nbsp;<\/span><span style=\"color: rgb(70, 112, 127); font-weight: 400; font-size: 16px; font-family: &quot;Open Sans&quot;;\">https:\/\/www.ovhcloud.com\/fr\/<\/span><\/p>\n                    <p><strong style=\"font-family: &quot;Open Sans&quot;; font-size: 16px; color: rgb(77, 73, 75); font-weight: 700;\">3. Politique de confidentialit\u00e9<\/strong><\/p>\n                    <p><span style=\"color: rgb(77, 73, 75);\">La politique de confidentialit\u00e9 ayant pour but de formaliser notre engagement quant au respect de la vie priv\u00e9e des utilisateurs du site internet levieilhome.fr est disponible<\/span>\n                      <a href=\"https:\/\/levieilhome.fr\/index.php\/rgpd\" target=\"_blank\" draggable=\"false\" rel=\"noopener\">ici<\/a>.&nbsp;&nbsp;&nbsp;<\/p>\n                  <\/div>\n                <\/div>\n              <\/div>\n            <\/div>\n          <\/div>\n        <\/div>\n      <\/div>\n    <\/div>\n  <\/div>\n<\/div>","protected":false},"excerpt":{"rendered":"<p>Mentions l\u00e9gales&nbsp;(Date de r\u00e9vision : 27 novembre 2022) 1. Editeur Patrick BEQUETLe Vieil Home 61700 Domfront en Poiraie Directrice de publication : Virginie BEQUET, Propri\u00e9taire 2. H\u00e9bergement OVH140 quai du Sartel 59100 ROUBAIX mail : support@ovh.com \/\/ site :&nbsp;https:\/\/www.ovhcloud.com\/fr\/ 3. Politique de confidentialit\u00e9 La politique de confidentialit\u00e9 ayant pour but de formaliser notre engagement quant [&hellip;]<\/p>\n","protected":false},"author":1,"featured_media":0,"parent":0,"menu_order":0,"comment_status":"closed","ping_status":"closed","template":"page-templates\/full-width-page.php","meta":{"footnotes":""},"class_list":["post-3520","page","type-page","status-publish","hentry"],"yoast_head":"<!-- This site is optimized with the Yoast SEO plugin v27.4 - https:\/\/yoast.com\/product\/yoast-seo-wordpress\/ -->\n<title>Mentions l\u00e9gales - Le Vieil Home<\/title>\n<meta name=\"robots\" content=\"index, follow, max-snippet:-1, max-image-preview:large, max-video-preview:-1\" \/>\n<link rel=\"canonical\" href=\"https:\/\/levieilhome.fr\/index.php\/mentions-legales\/\" \/>\n<meta property=\"og:locale\" content=\"fr_FR\" \/>\n<meta property=\"og:type\" content=\"article\" \/>\n<meta property=\"og:title\" content=\"Mentions l\u00e9gales - Le Vieil Home\" \/>\n<meta property=\"og:description\" content=\"Mentions l\u00e9gales&nbsp;(Date de r\u00e9vision : 27 novembre 2022) 1. Editeur Patrick BEQUETLe Vieil Home 61700 Domfront en Poiraie Directrice de publication : Virginie BEQUET, Propri\u00e9taire 2. H\u00e9bergement OVH140 quai du Sartel 59100 ROUBAIX mail : support@ovh.com \/\/ site :&nbsp;https:\/\/www.ovhcloud.com\/fr\/ 3. Politique de confidentialit\u00e9 La politique de confidentialit\u00e9 ayant pour but de formaliser notre engagement quant [&hellip;]\" \/>\n<meta property=\"og:url\" content=\"https:\/\/levieilhome.fr\/index.php\/mentions-legales\/\" \/>\n<meta property=\"og:site_name\" content=\"Le Vieil Home\" \/>\n<meta property=\"article:modified_time\" content=\"2022-11-28T13:11:22+00:00\" \/>\n<meta name=\"twitter:card\" content=\"summary_large_image\" \/>\n<script type=\"application\/ld+json\" class=\"yoast-schema-graph\">{\"@context\":\"https:\\\/\\\/schema.org\",\"@graph\":[{\"@type\":\"WebPage\",\"@id\":\"https:\\\/\\\/levieilhome.fr\\\/index.php\\\/mentions-legales\\\/\",\"url\":\"https:\\\/\\\/levieilhome.fr\\\/index.php\\\/mentions-legales\\\/\",\"name\":\"Mentions l\u00e9gales - Le Vieil Home\",\"isPartOf\":{\"@id\":\"https:\\\/\\\/levieilhome.fr\\\/#website\"},\"datePublished\":\"2022-11-27T21:06:55+00:00\",\"dateModified\":\"2022-11-28T13:11:22+00:00\",\"breadcrumb\":{\"@id\":\"https:\\\/\\\/levieilhome.fr\\\/index.php\\\/mentions-legales\\\/#breadcrumb\"},\"inLanguage\":\"fr-FR\",\"potentialAction\":[{\"@type\":\"ReadAction\",\"target\":[\"https:\\\/\\\/levieilhome.fr\\\/index.php\\\/mentions-legales\\\/\"]}]},{\"@type\":\"BreadcrumbList\",\"@id\":\"https:\\\/\\\/levieilhome.fr\\\/index.php\\\/mentions-legales\\\/#breadcrumb\",\"itemListElement\":[{\"@type\":\"ListItem\",\"position\":1,\"name\":\"Accueil\",\"item\":\"https:\\\/\\\/levieilhome.fr\\\/\"},{\"@type\":\"ListItem\",\"position\":2,\"name\":\"Mentions l\u00e9gales\"}]},{\"@type\":\"WebSite\",\"@id\":\"https:\\\/\\\/levieilhome.fr\\\/#website\",\"url\":\"https:\\\/\\\/levieilhome.fr\\\/\",\"name\":\"Le Vieil Home\",\"description\":\"Au pied de la cit\u00e9 m\u00e9di\u00e9vale\",\"publisher\":{\"@id\":\"https:\\\/\\\/levieilhome.fr\\\/#organization\"},\"potentialAction\":[{\"@type\":\"SearchAction\",\"target\":{\"@type\":\"EntryPoint\",\"urlTemplate\":\"https:\\\/\\\/levieilhome.fr\\\/?s={search_term_string}\"},\"query-input\":{\"@type\":\"PropertyValueSpecification\",\"valueRequired\":true,\"valueName\":\"search_term_string\"}}],\"inLanguage\":\"fr-FR\"},{\"@type\":\"Organization\",\"@id\":\"https:\\\/\\\/levieilhome.fr\\\/#organization\",\"name\":\"Le Vieil Home\",\"url\":\"https:\\\/\\\/levieilhome.fr\\\/\",\"logo\":{\"@type\":\"ImageObject\",\"inLanguage\":\"fr-FR\",\"@id\":\"https:\\\/\\\/levieilhome.fr\\\/#\\\/schema\\\/logo\\\/image\\\/\",\"url\":\"https:\\\/\\\/levieilhome.fr\\\/wp-content\\\/uploads\\\/2022\\\/11\\\/cropped-logo-LVH.png\",\"contentUrl\":\"https:\\\/\\\/levieilhome.fr\\\/wp-content\\\/uploads\\\/2022\\\/11\\\/cropped-logo-LVH.png\",\"width\":1168,\"height\":1174,\"caption\":\"Le Vieil Home\"},\"image\":{\"@id\":\"https:\\\/\\\/levieilhome.fr\\\/#\\\/schema\\\/logo\\\/image\\\/\"},\"sameAs\":[\"https:\\\/\\\/www.instagram.com\\\/levieilhome\\\/\"]}]}<\/script>\n<!-- \/ Yoast SEO plugin. -->","yoast_head_json":{"title":"Mentions l\u00e9gales - Le Vieil Home","robots":{"index":"index","follow":"follow","max-snippet":"max-snippet:-1","max-image-preview":"max-image-preview:large","max-video-preview":"max-video-preview:-1"},"canonical":"https:\/\/levieilhome.fr\/index.php\/mentions-legales\/","og_locale":"fr_FR","og_type":"article","og_title":"Mentions l\u00e9gales - Le Vieil Home","og_description":"Mentions l\u00e9gales&nbsp;(Date de r\u00e9vision : 27 novembre 2022) 1. Editeur Patrick BEQUETLe Vieil Home 61700 Domfront en Poiraie Directrice de publication : Virginie BEQUET, Propri\u00e9taire 2. H\u00e9bergement OVH140 quai du Sartel 59100 ROUBAIX mail : support@ovh.com \/\/ site :&nbsp;https:\/\/www.ovhcloud.com\/fr\/ 3. Politique de confidentialit\u00e9 La politique de confidentialit\u00e9 ayant pour but de formaliser notre engagement quant [&hellip;]","og_url":"https:\/\/levieilhome.fr\/index.php\/mentions-legales\/","og_site_name":"Le Vieil Home","article_modified_time":"2022-11-28T13:11:22+00:00","twitter_card":"summary_large_image","schema":{"@context":"https:\/\/schema.org","@graph":[{"@type":"WebPage","@id":"https:\/\/levieilhome.fr\/index.php\/mentions-legales\/","url":"https:\/\/levieilhome.fr\/index.php\/mentions-legales\/","name":"Mentions l\u00e9gales - Le Vieil Home","isPartOf":{"@id":"https:\/\/levieilhome.fr\/#website"},"datePublished":"2022-11-27T21:06:55+00:00","dateModified":"2022-11-28T13:11:22+00:00","breadcrumb":{"@id":"https:\/\/levieilhome.fr\/index.php\/mentions-legales\/#breadcrumb"},"inLanguage":"fr-FR","potentialAction":[{"@type":"ReadAction","target":["https:\/\/levieilhome.fr\/index.php\/mentions-legales\/"]}]},{"@type":"BreadcrumbList","@id":"https:\/\/levieilhome.fr\/index.php\/mentions-legales\/#breadcrumb","itemListElement":[{"@type":"ListItem","position":1,"name":"Accueil","item":"https:\/\/levieilhome.fr\/"},{"@type":"ListItem","position":2,"name":"Mentions l\u00e9gales"}]},{"@type":"WebSite","@id":"https:\/\/levieilhome.fr\/#website","url":"https:\/\/levieilhome.fr\/","name":"Le Vieil Home","description":"Au pied de la cit\u00e9 m\u00e9di\u00e9vale","publisher":{"@id":"https:\/\/levieilhome.fr\/#organization"},"potentialAction":[{"@type":"SearchAction","target":{"@type":"EntryPoint","urlTemplate":"https:\/\/levieilhome.fr\/?s={search_term_string}"},"query-input":{"@type":"PropertyValueSpecification","valueRequired":true,"valueName":"search_term_string"}}],"inLanguage":"fr-FR"},{"@type":"Organization","@id":"https:\/\/levieilhome.fr\/#organization","name":"Le Vieil Home","url":"https:\/\/levieilhome.fr\/","logo":{"@type":"ImageObject","inLanguage":"fr-FR","@id":"https:\/\/levieilhome.fr\/#\/schema\/logo\/image\/","url":"https:\/\/levieilhome.fr\/wp-content\/uploads\/2022\/11\/cropped-logo-LVH.png","contentUrl":"https:\/\/levieilhome.fr\/wp-content\/uploads\/2022\/11\/cropped-logo-LVH.png","width":1168,"height":1174,"caption":"Le Vieil Home"},"image":{"@id":"https:\/\/levieilhome.fr\/#\/schema\/logo\/image\/"},"sameAs":["https:\/\/www.instagram.com\/levieilhome\/"]}]}},"jetpack_sharing_enabled":true,"_links":{"self":[{"href":"https:\/\/levieilhome.fr\/index.php\/wp-json\/wp\/v2\/pages\/3520","targetHints":{"allow":["GET"]}}],"collection":[{"href":"https:\/\/levieilhome.fr\/index.php\/wp-json\/wp\/v2\/pages"}],"about":[{"href":"https:\/\/levieilhome.fr\/index.php\/wp-json\/wp\/v2\/types\/page"}],"author":[{"embeddable":true,"href":"https:\/\/levieilhome.fr\/index.php\/wp-json\/wp\/v2\/users\/1"}],"replies":[{"embeddable":true,"href":"https:\/\/levieilhome.fr\/index.php\/wp-json\/wp\/v2\/comments?post=3520"}],"version-history":[{"count":3,"href":"https:\/\/levieilhome.fr\/index.php\/wp-json\/wp\/v2\/pages\/3520\/revisions"}],"predecessor-version":[{"id":3597,"href":"https:\/\/levieilhome.fr\/index.php\/wp-json\/wp\/v2\/pages\/3520\/revisions\/3597"}],"wp:attachment":[{"href":"https:\/\/levieilhome.fr\/index.php\/wp-json\/wp\/v2\/media?parent=3520"}],"curies":[{"name":"wp","href":"https:\/\/api.w.org\/{rel}","templated":true}]}}