{"id":3518,"date":"2022-11-27T22:06:01","date_gmt":"2022-11-27T21:06:01","guid":{"rendered":"https:\/\/levieilhome.fr\/?page_id=3518"},"modified":"2026-04-11T22:48:15","modified_gmt":"2026-04-11T20:48:15","slug":"cgv","status":"publish","type":"page","link":"https:\/\/levieilhome.fr\/index.php\/cgv\/","title":{"rendered":"Condition G\u00e9n\u00e9rales de Vente"},"content":{"rendered":"<div data-colibri-id=\"3518-c1\" class=\"style-806 style-local-3518-c1 position-relative\">\n  <!---->\n  <div data-colibri-component=\"section\" data-colibri-id=\"3518-c2\" id=\"blank\" class=\"h-section h-section-global-spacing d-flex align-items-lg-center align-items-md-center align-items-center style-807 style-local-3518-c2 position-relative\">\n    <!---->\n    <!---->\n    <div class=\"h-section-grid-container h-section-boxed-container\">\n      <!---->\n      <div data-colibri-id=\"3518-c3\" class=\"h-row-container gutters-row-lg-2 gutters-row-md-2 gutters-row-0 gutters-row-v-lg-2 gutters-row-v-md-2 gutters-row-v-2 style-808 style-local-3518-c3 position-relative\">\n        <!---->\n        <div class=\"h-row justify-content-lg-center justify-content-md-center justify-content-center align-items-lg-stretch align-items-md-stretch align-items-stretch gutters-col-lg-2 gutters-col-md-2 gutters-col-0 gutters-col-v-lg-2 gutters-col-v-md-2 gutters-col-v-2\">\n          <!---->\n          <div class=\"h-column h-column-container d-flex h-col-lg-12 h-col-md-12 h-col-12 style-809-outer style-local-3518-c4-outer\">\n            <div data-colibri-id=\"3518-c4\" class=\"d-flex h-flex-basis h-column__inner h-px-lg-2 h-px-md-2 h-px-2 v-inner-lg-2 v-inner-md-2 v-inner-2 style-809 style-local-3518-c4 position-relative\">\n              <!---->\n              <!---->\n              <div class=\"w-100 h-y-container h-column__content h-column__v-align flex-basis-100 align-self-lg-start align-self-md-start align-self-start\">\n                <!---->\n                <div data-colibri-id=\"3518-c5\" class=\"h-text h-text-component style-832 style-local-3518-c5 position-relative h-element\">\n                  <!---->\n                  <!---->\n                  <div class=\"\">\n                    <p><strong style=\"color: rgb(77, 73, 75); font-weight: 700; font-size: 32px; font-family: &quot;Open Sans&quot;;\">Conditions g\u00e9n\u00e9rales de vente valant contrat de location&nbsp;<em>\ufeff<\/em><\/strong><em style=\"color: rgb(77, 73, 75); font-weight: 300; font-size: 90%; font-family: &quot;Open Sans&quot;;\">(Date de r\u00e9vision : 27 novembre 2022)<\/em><\/p>\n                    <p><strong style=\"font-weight: 700;\">Article &#8211; 1 :<\/strong><\/p>\n                    <p>Ce contrat de location saisonni\u00e8re est r\u00e9serv\u00e9 \u00e0 l&rsquo;usage exclusif du g\u00eete d\u00e9nomm\u00e9 \u00ab&nbsp;Le Vieil Home&nbsp;\u00bb situ\u00e9 au 139 route de la M\u00e9nagerie, lieu-dit Le Vieil Home, 61700 Domfront en Poiraie, France.<\/p>\n                    <p><strong style=\"font-weight: 700;\">Article &#8211; 2 : dur\u00e9e du s\u00e9jour&nbsp;<\/strong><\/p>\n                    <p>Le locataire, valideur du pr\u00e9sent contrat conclu pour une dur\u00e9e d\u00e9termin\u00e9e*, ne pourra en aucune circonstance se pr\u00e9valoir d&rsquo;un quelconque droit au maintien dans les lieux \u00e0 l&rsquo;issue du s\u00e9jour.<\/p>\n                    <p>La dur\u00e9e d\u00e9termin\u00e9e du pr\u00e9sent contrat est \u00e9quivalente \u00e0 la p\u00e9riode de r\u00e9servation valid\u00e9e par le paiement int\u00e9gral de ce dernier et sa conclusion tel que d\u00e9fini par l\u2019article 3 des pr\u00e9sentes conditions g\u00e9n\u00e9rales de vente.<\/p>\n                    <p>Dans tous les cas le contrat de location n\u2019est pas renouvelable.\n                      <br>\n                      <br> * La dur\u00e9e maximale d\u2019un contrat de location saisonni\u00e8re est fix\u00e9e \u00e0 90 jours par la loi n\u00b0&nbsp;70-9 du 2 janvier 1970 r\u00e9glementant les conditions d\u2019exercice des activit\u00e9s relatives \u00e0 certaines op\u00e9rations portant sur les immeubles\n                      et les fonds de commerce, dite \u00ab&nbsp;loi Hoguet&nbsp;\u00bb.\n                      <br>\n                    <\/p>\n                    <p><strong style=\"font-weight: 700;\">Article \u2013 3 : conclusion du contrat&nbsp;<\/strong><\/p>\n                    <p>La r\u00e9servation devient effective d\u00e8s lors que le locataire aura proc\u00e9d\u00e9 au paiement int\u00e9gral du montant total de la location et des frais, taxes et services suppl\u00e9mentaires effectu\u00e9 au moment de la r\u00e9servation.<\/p>\n                    <p>La location conclue entre les parties au pr\u00e9sent acte ne peut en aucun cas b\u00e9n\u00e9ficier m\u00eame partiellement \u00e0 des tiers, personnes physiques ou morales, sauf accord \u00e9crit du loueur.<\/p>\n                    <p>Toute infraction \u00e0 ce dernier alin\u00e9a serait susceptible d&rsquo;entra\u00eener la r\u00e9siliation imm\u00e9diate de la location aux torts exclusifs du locataire, le produit de la location restant d\u00e9finitivement acquis au loueur.<\/p>\n                    <p><strong style=\"font-weight: 700;\">Article \u2013 4 : annulation de s\u00e9jour&nbsp;<\/strong><\/p>\n                    <p>Toute annulation doit \u00eatre notifi\u00e9e par lettre recommand\u00e9e \u00e0 l\u2019adresse :<\/p>\n                    <p>Mr BEQUET Patrick\n                      <br>\n                    <\/p>\n                    <p>137 Route de la M\u00e9nagerie<\/p>\n                    <p>Le Vieil Home<\/p>\n                    <p>61700 Domfront en Poiraie&nbsp;<\/p>\n                    <p>ou par courriel \u00e0 l\u2019adresse :&nbsp;<\/p>\n                    <p>\n                      <a href=\"mailto:virginie@levieilhome.fr\">virginie@levieilhome.fr<\/a>\n                    <\/p>\n                    <p>Il est convenu que&nbsp;:<\/p>\n                    <ul>\n                      <li>Remboursement int\u00e9gral pour les annulation effectu\u00e9es dans les 48 (quarante-huit) heures suivant la r\u00e9servation.&nbsp;<\/li>\n                      <li>Remboursement int\u00e9gral pour les annulation effectu\u00e9es si la date d\u2019arriv\u00e9e intervient dans 14 (quatorze) jours ou plus.<\/li>\n                      <li>Remboursement de 50% pour les annulations effectu\u00e9es au moins 7 (sept) jours avant la date d\u2019arriv\u00e9e.<\/li>\n                      <li>Aucun remboursement pour les annulations effectu\u00e9es dans les 7 (sept) jours pr\u00e9c\u00e9dant la date d\u2019arriv\u00e9e.<\/li>\n                      <li>L\u2019annulation par le bailleur effectu\u00e9e dans les 7 (sept) jours avant la date d\u2019arriv\u00e9e entra\u00eene le remboursement int\u00e9gral du s\u00e9jour.<\/li>\n                    <\/ul>\n                    <p>En cas de d\u00e9faut d\u2019entr\u00e9e dans les lieux au plus tard 24 heures apr\u00e8s la date de d\u00e9but de location, le loueur se r\u00e9serve le droit de chercher \u00e0 relouer son bien pendant la p\u00e9riode initialement r\u00e9serv\u00e9e par le locataire.<\/p>\n                    <p><strong style=\"font-weight: 700;\">Article \u2013 5 : arriv\u00e9e\/d\u00e9part :&nbsp;<\/strong><\/p>\n                    <p>Les modalit\u00e9s retenues pour la remise des cl\u00e9s en d\u00e9but de location sont les suivantes&nbsp;:\n                      <br>\n                      <br> Arriv\u00e9e autonome via une bo\u00eete \u00e0 cl\u00e9s s\u00e9curis\u00e9e dont le code d\u2019acc\u00e8s est communiqu\u00e9 au plus tard la veille de l\u2019arriv\u00e9e.<\/p>\n                    <p>\u00c0 l\u2019issue de la p\u00e9riode de location et au plus tard \u00e0 10h00, le locataire s\u2019engage \u00e0 laisser le logement libre de toute occupation et \u00e0 remettre les cl\u00e9s au loueur.<\/p>\n                    <p>Les modalit\u00e9s retenues pour la remise des cl\u00e9s en fin de location sont les suivantes&nbsp;:<\/p>\n                    <p>D\u00e9part en restituant les cl\u00e9s en main propre au loueur ou en d\u00e9part&nbsp;<span style=\"color: rgb(138, 139, 145); font-family: &quot;Open Sans&quot;; font-size: 16px; font-weight: 400;\">autonome en remettant les cl\u00e9s<\/span> via la bo\u00eete\n                      \u00e0 cl\u00e9s s\u00e9curis\u00e9e.<\/p>\n                    <p><strong style=\"font-weight: 700;\">Article \u2013 7 : \u00e9tat des lieux:&nbsp;<\/strong><\/p>\n                    <p>Un \u00e9tat des lieux est r\u00e9alis\u00e9 \u00e0 l\u2019entr\u00e9e et \u00e0 la sortie du locataire. La constatation de d\u00e9gradations au cours de l\u2019\u00e9tat des lieux de sortie, ou la n\u00e9cessit\u00e9 de r\u00e9parations dues \u00e0 la n\u00e9gligence du locataire entra\u00eeneront la facturation\n                      du co\u00fbt total de la remise en \u00e9tat.<\/p>\n                    <p><strong style=\"font-weight: 700;\">Article \u2013 9 : d\u00e9p\u00f4t de garantie ou caution&nbsp;:<\/strong><\/p>\n                    <p>Le pr\u00e9sent contrat de location saisonni\u00e8re ne donne pas lieu au versement d\u2019un d\u00e9p\u00f4t de garantie.<\/p>\n                    <p><strong style=\"font-weight: 700;\">Article \u2013 10 : Destination des lieux et du logement :<\/strong><\/p>\n                    <p>Le locataire a l\u2019obligation d\u2019occuper les lieux personnellement, de les entretenir et d\u2019en faire un usage paisible sans troubler la tranquillit\u00e9 du voisinage. Il reconna\u00eet l\u2019interdiction d\u2019utiliser les locaux \u00e0 un usage professionnel,\n                      et l\u2019interdiction de les sous-louer \u00e0 un tiers.\n                      <br>\n                      <br> Les installations et \u00e9quipements du logement sont r\u00e9put\u00e9s en \u00e9tat de marche \u00e0 la date et \u00e0 l\u2019heure d\u2019entr\u00e9e dans les lieux. Une r\u00e9clamation adress\u00e9e par le locataire au-del\u00e0 de 24 heures apr\u00e8s son entr\u00e9e dans les lieux ne peut \u00eatre\n                      admise.<\/p>\n                    <p>Le logement mis en location est en capacit\u00e9 d\u2019accueillir un nombre maximal de 4 personnes.<\/p>\n                    <p>Si le nombre de personnes d\u00e9passe la capacit\u00e9 d&rsquo;accueil le loueur peut refuser les personnes suppl\u00e9mentaires et faire valoir une rupture du pr\u00e9sent contrat aux tords exclusifs du locataire, \u00e0 d\u00e9faut de rupture et d&rsquo;accord amiable le\n                      loueur peut pr\u00e9voir le paiement d\u2019une surcharge forfaitaire de 25 \u20ac par jour et par personne.<\/p>\n                    <p><strong style=\"font-weight: 700;\">Article \u2013 11 : animaux :&nbsp;<\/strong><\/p>\n                    <p>Le pr\u00e9sent contrat pr\u00e9cise que le locataire ne peut s\u00e9journer en compagnie d&rsquo;un animal domestique. En cas de non-respect de cette clause le pr\u00e9sent contrat sera rompu aux tords exclusifs du locataire et n\u2019entraidera pas de remboursement.<\/p>\n                    <p><strong style=\"font-weight: 700;\">Article \u2013 12 : assurances&nbsp;:<\/strong><\/p>\n                    <p>Le locataire est responsable de tous les dommages survenant de son fait. Il est tenu d&rsquo;\u00eatre assur\u00e9 par un contrat d&rsquo;assurance type vill\u00e9giature pour ces diff\u00e9rents risques.<\/p>\n                    <p>En compl\u00e9ment le loueur souscrit, pour le compte du locataire, une assurance relative aux risques locatifs (d\u00e9g\u00e2t des eaux et incendie).\n                      <br>\n                      <br> Le locataire s\u2019engage \u00e0 signaler au loueur et sous 24 heures maximum tout sinistre survenu dans le logement ou ses d\u00e9pendances.<\/p>\n                    <p><strong style=\"font-weight: 700;\">Article \u2013 13 : acceptation des pr\u00e9sentes conditions g\u00e9n\u00e9rales de vente&nbsp;:<\/strong><\/p>\n                    <p>Il est rappel\u00e9 que la validation des pr\u00e9sentes s\u2019op\u00e8rent avant paiement de la r\u00e9servation et apr\u00e8s avoir valid\u00e9 la lecture et l\u2019acceptation de ces derni\u00e8res par une case \u00e0 cocher, il ne pourra \u00eatre consid\u00e9r\u00e9 une quelconque m\u00e9connaissance\n                      de ces derni\u00e8res.<\/p>\n                    <p><strong style=\"font-weight: 700;\">Article \u2013 14 : litiges&nbsp;:<\/strong><\/p>\n                    <p>Tout litige relatif \u00e0 l\u2019interpr\u00e9tation et \u00e0 l\u2019ex\u00e9cution des pr\u00e9sentes conditions g\u00e9n\u00e9rales de vente est soumis au droit fran\u00e7ais.<\/p>\n                    <p>Les pr\u00e9sentes conditions g\u00e9n\u00e9rales de vente sont r\u00e9gies par le droit fran\u00e7ais. \u00c0 d\u00e9faut de r\u00e9solution amiable tout litige ayant trait \u00e0 la validit\u00e9, l\u2019ex\u00e9cution et\/ou l\u2019interpr\u00e9tation des pr\u00e9sentes conditions g\u00e9n\u00e9rales de vente sera\n                      soumis \u00e0 la comp\u00e9tence exclusive des tribunaux comp\u00e9tents du ressort du lieu du g\u00eete, et ce m\u00eame en cas de r\u00e9f\u00e9r\u00e9, d\u2019appel en garantie et de pluralit\u00e9 de d\u00e9fendeurs.<\/p>\n                    <p>\n                      <br>\n                    <\/p>\n                  <\/div>\n                <\/div>\n              <\/div>\n            <\/div>\n          <\/div>\n        <\/div>\n      <\/div>\n    <\/div>\n  <\/div>\n<\/div>","protected":false},"excerpt":{"rendered":"<p>Conditions g\u00e9n\u00e9rales de vente valant contrat de location&nbsp;\ufeff(Date de r\u00e9vision : 27 novembre 2022) Article &#8211; 1 : Ce contrat de location saisonni\u00e8re est r\u00e9serv\u00e9 \u00e0 l&rsquo;usage exclusif du g\u00eete d\u00e9nomm\u00e9 \u00ab&nbsp;Le Vieil Home&nbsp;\u00bb situ\u00e9 au 139 route de la M\u00e9nagerie, lieu-dit Le Vieil Home, 61700 Domfront en Poiraie, France. Article &#8211; 2 : dur\u00e9e [&hellip;]<\/p>\n","protected":false},"author":1,"featured_media":0,"parent":0,"menu_order":0,"comment_status":"closed","ping_status":"closed","template":"page-templates\/full-width-page.php","meta":{"footnotes":""},"class_list":["post-3518","page","type-page","status-publish","hentry"],"yoast_head":"<!-- This site is optimized with the Yoast SEO plugin v27.4 - https:\/\/yoast.com\/product\/yoast-seo-wordpress\/ -->\n<title>Condition G\u00e9n\u00e9rales de Vente - Le Vieil Home<\/title>\n<meta name=\"robots\" content=\"index, follow, max-snippet:-1, max-image-preview:large, max-video-preview:-1\" \/>\n<link rel=\"canonical\" href=\"https:\/\/levieilhome.fr\/index.php\/cgv\/\" \/>\n<meta property=\"og:locale\" content=\"fr_FR\" \/>\n<meta property=\"og:type\" content=\"article\" \/>\n<meta property=\"og:title\" content=\"Condition G\u00e9n\u00e9rales de Vente - Le Vieil Home\" \/>\n<meta property=\"og:description\" content=\"Conditions g\u00e9n\u00e9rales de vente valant contrat de location&nbsp;\ufeff(Date de r\u00e9vision : 27 novembre 2022) Article &#8211; 1 : Ce contrat de location saisonni\u00e8re est r\u00e9serv\u00e9 \u00e0 l&rsquo;usage exclusif du g\u00eete d\u00e9nomm\u00e9 \u00ab&nbsp;Le Vieil Home&nbsp;\u00bb situ\u00e9 au 139 route de la M\u00e9nagerie, lieu-dit Le Vieil Home, 61700 Domfront en Poiraie, France. Article &#8211; 2 : dur\u00e9e [&hellip;]\" \/>\n<meta property=\"og:url\" content=\"https:\/\/levieilhome.fr\/index.php\/cgv\/\" \/>\n<meta property=\"og:site_name\" content=\"Le Vieil Home\" \/>\n<meta property=\"article:modified_time\" content=\"2026-04-11T20:48:15+00:00\" \/>\n<meta name=\"twitter:card\" content=\"summary_large_image\" \/>\n<meta name=\"twitter:label1\" content=\"Dur\u00e9e de lecture estim\u00e9e\" \/>\n\t<meta name=\"twitter:data1\" content=\"6 minutes\" \/>\n<script type=\"application\/ld+json\" class=\"yoast-schema-graph\">{\"@context\":\"https:\\\/\\\/schema.org\",\"@graph\":[{\"@type\":\"WebPage\",\"@id\":\"https:\\\/\\\/levieilhome.fr\\\/index.php\\\/cgv\\\/\",\"url\":\"https:\\\/\\\/levieilhome.fr\\\/index.php\\\/cgv\\\/\",\"name\":\"Condition G\u00e9n\u00e9rales de Vente - Le Vieil Home\",\"isPartOf\":{\"@id\":\"https:\\\/\\\/levieilhome.fr\\\/#website\"},\"datePublished\":\"2022-11-27T21:06:01+00:00\",\"dateModified\":\"2026-04-11T20:48:15+00:00\",\"breadcrumb\":{\"@id\":\"https:\\\/\\\/levieilhome.fr\\\/index.php\\\/cgv\\\/#breadcrumb\"},\"inLanguage\":\"fr-FR\",\"potentialAction\":[{\"@type\":\"ReadAction\",\"target\":[\"https:\\\/\\\/levieilhome.fr\\\/index.php\\\/cgv\\\/\"]}]},{\"@type\":\"BreadcrumbList\",\"@id\":\"https:\\\/\\\/levieilhome.fr\\\/index.php\\\/cgv\\\/#breadcrumb\",\"itemListElement\":[{\"@type\":\"ListItem\",\"position\":1,\"name\":\"Accueil\",\"item\":\"https:\\\/\\\/levieilhome.fr\\\/\"},{\"@type\":\"ListItem\",\"position\":2,\"name\":\"Condition G\u00e9n\u00e9rales de Vente\"}]},{\"@type\":\"WebSite\",\"@id\":\"https:\\\/\\\/levieilhome.fr\\\/#website\",\"url\":\"https:\\\/\\\/levieilhome.fr\\\/\",\"name\":\"Le Vieil Home\",\"description\":\"Au pied de la cit\u00e9 m\u00e9di\u00e9vale\",\"publisher\":{\"@id\":\"https:\\\/\\\/levieilhome.fr\\\/#organization\"},\"potentialAction\":[{\"@type\":\"SearchAction\",\"target\":{\"@type\":\"EntryPoint\",\"urlTemplate\":\"https:\\\/\\\/levieilhome.fr\\\/?s={search_term_string}\"},\"query-input\":{\"@type\":\"PropertyValueSpecification\",\"valueRequired\":true,\"valueName\":\"search_term_string\"}}],\"inLanguage\":\"fr-FR\"},{\"@type\":\"Organization\",\"@id\":\"https:\\\/\\\/levieilhome.fr\\\/#organization\",\"name\":\"Le Vieil Home\",\"url\":\"https:\\\/\\\/levieilhome.fr\\\/\",\"logo\":{\"@type\":\"ImageObject\",\"inLanguage\":\"fr-FR\",\"@id\":\"https:\\\/\\\/levieilhome.fr\\\/#\\\/schema\\\/logo\\\/image\\\/\",\"url\":\"https:\\\/\\\/levieilhome.fr\\\/wp-content\\\/uploads\\\/2022\\\/11\\\/cropped-logo-LVH.png\",\"contentUrl\":\"https:\\\/\\\/levieilhome.fr\\\/wp-content\\\/uploads\\\/2022\\\/11\\\/cropped-logo-LVH.png\",\"width\":1168,\"height\":1174,\"caption\":\"Le Vieil Home\"},\"image\":{\"@id\":\"https:\\\/\\\/levieilhome.fr\\\/#\\\/schema\\\/logo\\\/image\\\/\"},\"sameAs\":[\"https:\\\/\\\/www.instagram.com\\\/levieilhome\\\/\"]}]}<\/script>\n<!-- \/ Yoast SEO plugin. -->","yoast_head_json":{"title":"Condition G\u00e9n\u00e9rales de Vente - Le Vieil Home","robots":{"index":"index","follow":"follow","max-snippet":"max-snippet:-1","max-image-preview":"max-image-preview:large","max-video-preview":"max-video-preview:-1"},"canonical":"https:\/\/levieilhome.fr\/index.php\/cgv\/","og_locale":"fr_FR","og_type":"article","og_title":"Condition G\u00e9n\u00e9rales de Vente - Le Vieil Home","og_description":"Conditions g\u00e9n\u00e9rales de vente valant contrat de location&nbsp;\ufeff(Date de r\u00e9vision : 27 novembre 2022) Article &#8211; 1 : Ce contrat de location saisonni\u00e8re est r\u00e9serv\u00e9 \u00e0 l&rsquo;usage exclusif du g\u00eete d\u00e9nomm\u00e9 \u00ab&nbsp;Le Vieil Home&nbsp;\u00bb situ\u00e9 au 139 route de la M\u00e9nagerie, lieu-dit Le Vieil Home, 61700 Domfront en Poiraie, France. Article &#8211; 2 : dur\u00e9e [&hellip;]","og_url":"https:\/\/levieilhome.fr\/index.php\/cgv\/","og_site_name":"Le Vieil Home","article_modified_time":"2026-04-11T20:48:15+00:00","twitter_card":"summary_large_image","twitter_misc":{"Dur\u00e9e de lecture estim\u00e9e":"6 minutes"},"schema":{"@context":"https:\/\/schema.org","@graph":[{"@type":"WebPage","@id":"https:\/\/levieilhome.fr\/index.php\/cgv\/","url":"https:\/\/levieilhome.fr\/index.php\/cgv\/","name":"Condition G\u00e9n\u00e9rales de Vente - Le Vieil Home","isPartOf":{"@id":"https:\/\/levieilhome.fr\/#website"},"datePublished":"2022-11-27T21:06:01+00:00","dateModified":"2026-04-11T20:48:15+00:00","breadcrumb":{"@id":"https:\/\/levieilhome.fr\/index.php\/cgv\/#breadcrumb"},"inLanguage":"fr-FR","potentialAction":[{"@type":"ReadAction","target":["https:\/\/levieilhome.fr\/index.php\/cgv\/"]}]},{"@type":"BreadcrumbList","@id":"https:\/\/levieilhome.fr\/index.php\/cgv\/#breadcrumb","itemListElement":[{"@type":"ListItem","position":1,"name":"Accueil","item":"https:\/\/levieilhome.fr\/"},{"@type":"ListItem","position":2,"name":"Condition G\u00e9n\u00e9rales de Vente"}]},{"@type":"WebSite","@id":"https:\/\/levieilhome.fr\/#website","url":"https:\/\/levieilhome.fr\/","name":"Le Vieil Home","description":"Au pied de la cit\u00e9 m\u00e9di\u00e9vale","publisher":{"@id":"https:\/\/levieilhome.fr\/#organization"},"potentialAction":[{"@type":"SearchAction","target":{"@type":"EntryPoint","urlTemplate":"https:\/\/levieilhome.fr\/?s={search_term_string}"},"query-input":{"@type":"PropertyValueSpecification","valueRequired":true,"valueName":"search_term_string"}}],"inLanguage":"fr-FR"},{"@type":"Organization","@id":"https:\/\/levieilhome.fr\/#organization","name":"Le Vieil Home","url":"https:\/\/levieilhome.fr\/","logo":{"@type":"ImageObject","inLanguage":"fr-FR","@id":"https:\/\/levieilhome.fr\/#\/schema\/logo\/image\/","url":"https:\/\/levieilhome.fr\/wp-content\/uploads\/2022\/11\/cropped-logo-LVH.png","contentUrl":"https:\/\/levieilhome.fr\/wp-content\/uploads\/2022\/11\/cropped-logo-LVH.png","width":1168,"height":1174,"caption":"Le Vieil Home"},"image":{"@id":"https:\/\/levieilhome.fr\/#\/schema\/logo\/image\/"},"sameAs":["https:\/\/www.instagram.com\/levieilhome\/"]}]}},"jetpack_sharing_enabled":true,"_links":{"self":[{"href":"https:\/\/levieilhome.fr\/index.php\/wp-json\/wp\/v2\/pages\/3518","targetHints":{"allow":["GET"]}}],"collection":[{"href":"https:\/\/levieilhome.fr\/index.php\/wp-json\/wp\/v2\/pages"}],"about":[{"href":"https:\/\/levieilhome.fr\/index.php\/wp-json\/wp\/v2\/types\/page"}],"author":[{"embeddable":true,"href":"https:\/\/levieilhome.fr\/index.php\/wp-json\/wp\/v2\/users\/1"}],"replies":[{"embeddable":true,"href":"https:\/\/levieilhome.fr\/index.php\/wp-json\/wp\/v2\/comments?post=3518"}],"version-history":[{"count":18,"href":"https:\/\/levieilhome.fr\/index.php\/wp-json\/wp\/v2\/pages\/3518\/revisions"}],"predecessor-version":[{"id":4252,"href":"https:\/\/levieilhome.fr\/index.php\/wp-json\/wp\/v2\/pages\/3518\/revisions\/4252"}],"wp:attachment":[{"href":"https:\/\/levieilhome.fr\/index.php\/wp-json\/wp\/v2\/media?parent=3518"}],"curies":[{"name":"wp","href":"https:\/\/api.w.org\/{rel}","templated":true}]}}